{"id":65,"date":"2018-07-01T11:35:56","date_gmt":"2018-07-01T11:35:56","guid":{"rendered":"http:\/\/test.walchenseezeltlager.de\/?page_id=65"},"modified":"2025-07-16T10:32:59","modified_gmt":"2025-07-16T10:32:59","slug":"impressum-datenschutz","status":"publish","type":"page","link":"https:\/\/walchenseezeltlager.de\/?page_id=65","title":{"rendered":"Impressum &#038; Datenschutz"},"content":{"rendered":"<p><strong>Impressum \/ Pflichtangaben nach \u00a75 DDG (Digitale-Dienste-Gesetz)<\/strong><\/p>\n<p><b>Anbieter gem\u00e4\u00df \u00a7 5 DDG<\/b><\/p>\n<p><b>Walchenseeverein e.V.<\/b><br \/>\nvertreten durch Jan Museler, Vorsitzender<\/p>\n<p>c\/o KJR M\u00fcnchen-Land<br \/>\nBurgweg 10<br \/>\n82049 Pullach<br \/>\nE-Mail: walchenseecamp[at]kjr-ml.de<\/p>\n<p>verantwortlich f\u00fcr den Inhalt gem\u00e4\u00df \u00a7 55 Abs. 2 RStV: Elias Eberl<\/p>\n<article class=\"post-855 page type-page status-publish has-post-thumbnail entry\" aria-label=\"Datenschutz\">\n<div class=\"entry-content\">\n<div id=\"c1826\" class=\"clearfix csc-default\">\n<h3>Allgemeine Hinweise<\/h3>\n<p>Die folgenden Hinweise geben einen einfachen \u00dcberblick dar\u00fcber, was mit Ihren personenbezogenen Daten passiert, wenn Sie unsere Website besuchen. Personenbezogene Daten sind alle Daten, mit denen Sie pers\u00f6nlich identifiziert werden k\u00f6nnen. Ausf\u00fchrliche Informationen zum Thema Datenschutz entnehmen Sie unserer unter diesem Text aufgef\u00fchrten Datenschutzerkl\u00e4rung.<\/p>\n<h3>Hinweis zur verantwortlichen Stelle<\/h3>\n<p>Die verantwortliche Stelle f\u00fcr die Datenverarbeitung auf dieser Website ist der<\/p>\n<p><b>Walchenseeverein e.V.<\/b><br \/>\nvertreten durch Elias Eberl, Vorsitzender<\/p>\n<p>Maillingerstra\u00dfe 14<br \/>\n80636 M\u00fcnchen<br \/>\nE-Mail: walchenseecamp[at]kjr-ml.de<\/p>\n<p>Verantwortliche Stelle ist die nat\u00fcrliche oder juristische Person, die allein oder gemeinsam mit anderen \u00fcber die Zwecke und Mittel der Verarbeitung von personenbezogenen Daten (z.B. Namen, E-Mail-Adressen o. \u00c4.) entscheidet.<\/p>\n<h3>Verarbeitung und Erhebung von personenbezogenen Daten<\/h3>\n<p>Den Gro\u00dfteil dieser Webseite k\u00f6nnen Sie ohne Angaben von personenbezogenen Daten nutzen. An einigen Stellen haben Sie die M\u00f6glichkeit, Kontakt mit dem Walchenseeverein und dem Kreisjugendring M\u00fcnchen-Land aufzunehmen oder weitere Dienste von uns zu nutzen (z.B. Buchungen). Dort erheben wir nur die Daten, die wir f\u00fcr diesen Zweck ben\u00f6tigen. Eine Nutzung zu anderen Zwecken erfolgt nicht, au\u00dfer Sie haben in diese eingewilligt.<\/p>\n<h3>Server-Logfiles<\/h3>\n<p>Wenn Sie diese Webseite aufrufen, werden automatisch allgemeine Informationen erfasst und in den Server-Logfiles gespeichert. Die Server-Logfiles beinhalten u.a.<\/p>\n<p>Browsertyp \/-version<\/p>\n<p>Verwendetes Betriebssystem<\/p>\n<p>Refferer URL (die zuvor besuchte Seite)<\/p>\n<p>Uhrzeit der Serveranfrage<\/p>\n<p>IP Adresse<\/p>\n<p>Mit diesen allgemeinen Informationen ist es dem Walchenseeverein\u00a0 nicht m\u00f6glich, eine bestimmte Person zu identifizieren. Die Server- Logfiles sind f\u00fcr uns ein technisches Mittel, um Fehler auf unserer Internetseite zu beheben.<\/p>\n<p>Sofern personenbezogene Daten zur Erbringung der Services und Dienste gespeichert, verarbeitet und\/oder archiviert werden, beachtet der Walchenseeverein die Vorschriften des Bundesdatenschutzgesetzes (BDSG) und des Informations- und Kommunikationsdienstegesetzes (IuKDG) sowie des Bayerischen Datenschutzgesetzes.<\/p>\n<\/div>\n<div class=\"clearfix csc-default\">\n<div class=\"csc-textpic-text\">\n<h3>Einsatz von Cookies<\/h3>\n<p>Diese Webseite verwendet teilweise so genannte Cookies. Cookies richten auf Ihrem Rechner keinen Schaden an und enthalten keine Viren. Cookies dienen dazu, das Angebot Walchenseeverein nutzerfreundlicher, effektiver und sicherer zu machen. Cookies sind kleine Textdateien, die auf Ihrem Rechner abgelegt werden und die Ihr Browser speichert.<br \/>\nDie meisten der von uns verwendeten Cookies sind so genannte Sitzungs-Cookies. Permanente Cookies bleiben auf Ihrem Endger\u00e4t gespeichert, bis Sie diese l\u00f6schen. Diese Cookies erm\u00f6glichen es uns, Ihren Browser beim n\u00e4chsten Besuch wiederzuerkennen.<br \/>\nSie k\u00f6nnen Ihren Browser so einstellen, dass Sie \u00fcber das Setzen von Cookies informiert werden und Cookies nur im Einzelfall erlauben, die Annahme von Cookies f\u00fcr bestimmte F\u00e4lle oder generell ausschlie\u00dfen sowie das automatische L\u00f6schen der Cookies beim Schlie\u00dfen des Browser aktivieren. Bei der Deaktivierung von Cookies kann die Funktionalit\u00e4t dieser Website eingeschr\u00e4nkt sein.<\/p>\n<h3>Sitzungs-Cookies<\/h3>\n<p>Wenige Informationen, die einen st\u00f6rungsfreien Ablauf dieser Website bedingen, werden ausschlie\u00dflich f\u00fcr die Dauer der Sitzung im Arbeitsspeicher des Web-Browsers als sogenannter Sitzungs-Cookie gespeichert. Dieser und alle in ihm gespeicherten Informationen werden automatisch gel\u00f6scht, sobald das Browserfenster geschlossen wird.<\/p>\n<h3>Einbindung von Diensten und Inhalten Dritter<\/h3>\n<h4>GOOGLE FONTS<\/h4>\n<p>Wir binden die Schriftarten (\u201eGoogle Fonts\u201c) des Anbieters Google LLC, 1600 Amphitheatre Parkway, Mountain View, CA 94043, USA, ein. Datenschutzerkl\u00e4rung:\u00a0<a href=\"http:\/\/www.google.com\/policies\/privacy\/\">www.google.com\/policies\/privacy\/<\/a>, Opt-Out:\u00a0<a href=\"http:\/\/adssettings.google.com\/authenticated\">adssettings.google.com\/authenticated<\/a>.<\/p>\n<h4>GOOGLE MAPS<\/h4>\n<p>Wir binden die Landkarten des Dienstes \u201cGoogle Maps\u201d des Anbieters Google LLC, 1600 Amphitheatre Parkway, Mountain View, CA 94043, USA, ein. Zu den verarbeiteten Daten k\u00f6nnen insbesondere IP-Adressen und Standortdaten der Nutzer geh\u00f6ren, die jedoch nicht ohne deren Einwilligung (im Regelfall im Rahmen der Einstellungen ihrer Mobilger\u00e4te vollzogen), erhoben werden. Die Daten k\u00f6nnen in den USA verarbeitet werden. Datenschutzerkl\u00e4rung:\u00a0<a href=\"http:\/\/www.google.com\/policies\/privacy\/\">www.google.com\/policies\/privacy\/<\/a>, Opt-Out:\u00a0<a href=\"http:\/\/adssettings.google.com\/authenticated\">adssettings.google.com\/authenticated<\/a>.<\/p>\n<h4><\/h4>\n<h4>Buchungssystem RESSYX<\/h4>\n<p>Die Buchungen erfolgen \u00fcber das Reservierungssystem RESSYX. RESSYX wird von p\u00f6rtner consulting<br \/>\ndigital business consulting &amp; solutions,\u00a0Im Bruch 31,\u00a056414 Hundsangen,\u00a0Deutschland angeboten. Alle weiterf\u00fchrenden Informationen zum Buchungssystem finden Sie unter https:\/\/www.ressyx.com\/index.html<br \/>\nInformationen zum Datenschutz finden Sie unter https:\/\/www.ressyx.com\/datenschutz\/index.html.<\/p>\n<h3>Recht auf Auskunft, L\u00f6schung, Sperrung<\/h3>\n<p>Sie haben jederzeit das Recht auf unentgeltliche Auskunft \u00fcber Ihre gespeicherten personenbezogenen Daten, deren Herkunft und Empf\u00e4nger und den Zweck der Datenverarbeitung sowie ein Recht auf Berichtigung, Sperrung oder L\u00f6schung dieser Daten. Hierzu sowie zu weiteren Fragen zum Thema personenbezogene Daten k\u00f6nnen Sie sich jederzeit unter der im Impressum angegebenen Adresse an uns wenden.<\/p>\n<h3>Widerruf Ihrer Einwilligung zur Datenverarbeitung<\/h3>\n<p>Viele Datenverarbeitungsvorg\u00e4nge sind nur mit Ihrer ausdr\u00fccklichen Einwilligung m\u00f6glich. Sie k\u00f6nnen eine bereits erteilte Einwilligung jederzeit widerrufen. Dazu reicht eine formlose Mitteilung per E-Mail an uns. Die Rechtm\u00e4\u00dfigkeit der bis zum Widerruf erfolgten Datenverarbeitung bleibt vom Widerruf unber\u00fchrt.<\/p>\n<h3>Recht auf Daten\u00fcbertragbarkeit<\/h3>\n<p>Wenn Sie in die Datenverarbeitung eingewilligt haben oder ein Vertrag zur Datenverarbeitung besteht und die Datenverarbeitung mithilfe automatisierter Verfahren durchgef\u00fchrt wird, steht Ihnen gegebenenfalls ein Recht auf Daten\u00fcbertragbarkeit zu.<\/p>\n<h3>Beschwerderecht<\/h3>\n<p>Des Weiteren steht Ihnen ein Beschwerderecht bei der zust\u00e4ndigen Aufsichtsbeh\u00f6rde zu.<\/p>\n<h3>SSL-Verschl\u00fcsselung<\/h3>\n<p>Diese Seite nutzt aus Gr\u00fcnden der Sicherheit und zum Schutz der \u00dcbertragung vertraulicher Inhalte, wie zum Beispiel der Anfragen, die Sie an uns als Seitenbetreiber senden, eine SSL-Verschl\u00fcsselung. Eine verschl\u00fcsselte Verbindung erkennen Sie daran, dass die Adresszeile des Browsers von \u201ehttp:\/\/\u201c auf \u201ehttps:\/\/\u201c wechselt und an dem Schloss-Symbol in Ihrer Browserzeile. Wenn die SSL Verschl\u00fcsselung aktiviert ist, k\u00f6nnen die Daten, die Sie an uns \u00fcbermitteln, nicht von Dritten mitgelesen werden.<\/p>\n<h3>Widerspruch Werbe-Mails<\/h3>\n<p>Der Nutzung von im Rahmen der Impressumspflicht ver\u00f6ffentlichten Kontaktdaten zur \u00dcbersendung von nicht ausdr\u00fccklich angeforderter Werbung und Informationsmaterialien wird hiermit widersprochen. Die Betreiber der Seiten behalten sich ausdr\u00fccklich rechtliche Schritte im Falle der unverlangten Zusendung von Werbeinformationen, etwa durch Spam-E-Mails, vor.<\/p>\n<h3>Haftung f\u00fcr Inhalte und Links<\/h3>\n<p>Die Inhalte dieser Homepage wurden mit gr\u00f6\u00dfter Sorgfalt erstellt. F\u00fcr die Richtigkeit, Vollst\u00e4ndigkeit und Aktualit\u00e4t der\u00a0 Inhalte k\u00f6nnen wir jedoch keine Gew\u00e4hr \u00fcbernehmen. Als Diensteanbieter sind wir gem\u00e4\u00df \u00a7 7 Abs. 1 DDG f\u00fcr eigene Inhalte auf diesen Seiten nach den allgemeinen Gesetzen verantwortlich. Nach \u00a7\u00a7 8 bis 10 DDG sind wir als Diensteanbieter jedoch nicht verpflichtet, \u00fcbermittelte oder gespeicherte fremde Informationen zu \u00fcberwachen oder nach Umst\u00e4nden zu forschen, die auf eine rechtswidrige T\u00e4tigkeit hinweisen. Verpflichtungen zur Entfernung oder Sperrung der Nutzung von Informationen nach den allgemeinen Gesetzen bleiben hiervon unber\u00fchrt. Eine diesbez\u00fcgliche Haftung ist jedoch erst ab dem Zeitpunkt der Kenntnis einer konkreten Rechtsverletzung m\u00f6glich. Bei Bekanntwerden von entsprechenden Rechtsverletzungen werden wir diese Inhalte umgehend entfernen.<\/p>\n<p>Das Webangebot des Walchenseeverein enth\u00e4lt Links zu externen Webseiten Dritter, auf deren Inhalte wir keinen Einfluss haben. Deshalb k\u00f6nnen wir f\u00fcr diese fremden Inhalte auch keine Gew\u00e4hr \u00fcbernehmen. F\u00fcr die Inhalte der verlinkten Seiten ist stets der\/die jeweilige Anbieter\/in oder Betreiber\/in der Seiten verantwortlich. Die verlinkten Seiten wurden zum Zeitpunkt der Verlinkung auf m\u00f6gliche Rechtsverst\u00f6\u00dfe \u00fcberpr\u00fcft. Rechtswidrige Inhalte waren zum Zeitpunkt der Verlinkung nicht erkennbar. Eine permanente inhaltliche Kontrolle der verlinkten Seiten ist jedoch ohne konkrete Anhaltspunkte einer Rechtsverletzung nicht zumutbar. Bei Bekanntwerden von Rechtsverletzungen werden wir derartige Links umgehend entfernen.<\/p>\n<h3>Urheberrecht<\/h3>\n<p>Die durch die Seitenbetreiber erstellten Inhalte und Werke auf diesen Seiten unterliegen dem deutschen Urheberrecht. Die Vervielf\u00e4ltigung, Bearbeitung, Verbreitung und jede Art der Verwertung au\u00dferhalb der Grenzen des Urheberrechts bed\u00fcrfen der schriftlichen Zustimmung des_der jeweiligen Autor_in bzw. Ersteller_in. Downloads und Kopien dieser Seite sind nur f\u00fcr den privaten, nicht kommerziellen Gebrauch gestattet. Soweit die Inhalte auf dieser Seite nicht vom Betreiber erstellt wurden, werden die Urheberrechte Dritter beachtet. Insbesondere werden Inhalte Dritter als solche gekennzeichnet. Sollten Sie trotzdem auf eine Urheberrechtsverletzung aufmerksam werden, bitten wir um einen entsprechenden Hinweis. Bei Bekanntwerden von Rechtsverletzungen wird der Walchenseeverein derartige Inhalte umgehend entfernen.<\/p>\n<h3>Gew\u00e4hrleistung<\/h3>\n<p>Das Herunterladen oder der sonstige Erhalt von Informationen und Daten beim Benutzen der Services und Dienste von www.walchenseezeltlager.de geschieht auf eigene Gefahr. Der Walchenseeverein \u00fcbernimmt keine Gew\u00e4hr f\u00fcr die Daten und Informationen, insbesondere hinsichtlich deren Benutzbarkeit, Richtigkeit, Vollst\u00e4ndigkeit und Virenfreiheit.<\/p>\n<\/div>\n<\/div>\n<\/div>\n<\/article>\n<aside id=\"genesis-sidebar-primary\" class=\"sidebar sidebar-primary widget-area\" role=\"complementary\" aria-label=\"Primary Sidebar\">\n<h2 class=\"genesis-sidebar-title screen-reader-text\">Primary Sidebar<\/h2>\n<section id=\"advanced_sidebar_menu-31\" class=\"widget advanced-sidebar-menu\">\n<div class=\"widget-wrap\">\n<div id=\"advanced_sidebar_menu-31-wrap\" class=\"advanced-sidebar-menu-wrap\" data-js=\"advanced_sidebar_menu-31-wrap\" data-accordion-enabled=\"1\"><\/div>\n<\/div>\n<\/section>\n<section id=\"text-91\" class=\"widget widget_text\">\n<div class=\"widget-wrap\">\n<div class=\"textwidget\"><\/div>\n<\/div>\n<\/section>\n<\/aside>\n","protected":false},"excerpt":{"rendered":"<p>Impressum \/ Pflichtangaben nach \u00a75 DDG (Digitale-Dienste-Gesetz) Anbieter gem\u00e4\u00df \u00a7 5 DDG Walchenseeverein e.V. vertreten durch Jan Museler, Vorsitzender c\/o &hellip; <a href=\"https:\/\/walchenseezeltlager.de\/?page_id=65\" class=\"more-link\">Continue reading <span class=\"screen-reader-text\">Impressum &#038; Datenschutz<\/span><\/a><\/p>\n","protected":false},"author":1,"featured_media":183,"parent":0,"menu_order":0,"comment_status":"closed","ping_status":"closed","template":"","meta":{"footnotes":""},"class_list":["post-65","page","type-page","status-publish","has-post-thumbnail","hentry"],"_links":{"self":[{"href":"https:\/\/walchenseezeltlager.de\/index.php?rest_route=\/wp\/v2\/pages\/65","targetHints":{"allow":["GET"]}}],"collection":[{"href":"https:\/\/walchenseezeltlager.de\/index.php?rest_route=\/wp\/v2\/pages"}],"about":[{"href":"https:\/\/walchenseezeltlager.de\/index.php?rest_route=\/wp\/v2\/types\/page"}],"author":[{"embeddable":true,"href":"https:\/\/walchenseezeltlager.de\/index.php?rest_route=\/wp\/v2\/users\/1"}],"replies":[{"embeddable":true,"href":"https:\/\/walchenseezeltlager.de\/index.php?rest_route=%2Fwp%2Fv2%2Fcomments&post=65"}],"version-history":[{"count":26,"href":"https:\/\/walchenseezeltlager.de\/index.php?rest_route=\/wp\/v2\/pages\/65\/revisions"}],"predecessor-version":[{"id":431,"href":"https:\/\/walchenseezeltlager.de\/index.php?rest_route=\/wp\/v2\/pages\/65\/revisions\/431"}],"wp:featuredmedia":[{"embeddable":true,"href":"https:\/\/walchenseezeltlager.de\/index.php?rest_route=\/wp\/v2\/media\/183"}],"wp:attachment":[{"href":"https:\/\/walchenseezeltlager.de\/index.php?rest_route=%2Fwp%2Fv2%2Fmedia&parent=65"}],"curies":[{"name":"wp","href":"https:\/\/api.w.org\/{rel}","templated":true}]}}