{"id":60,"date":"2018-07-01T11:34:06","date_gmt":"2018-07-01T11:34:06","guid":{"rendered":"http:\/\/test.walchenseezeltlager.de\/?page_id=60"},"modified":"2024-08-14T16:23:53","modified_gmt":"2024-08-14T16:23:53","slug":"ausstattung","status":"publish","type":"page","link":"https:\/\/walchenseezeltlager.de\/?page_id=60","title":{"rendered":"Ausstattung"},"content":{"rendered":"<p>Das Walchenseecamp bietet in 10 Holzh\u00fctten Unterkunft f\u00fcr bis zu 100 Personen. Ein weiteres Zelthaus steht als Werk- und Bastelraum zur Verf\u00fcgung. In einem eigenen Geb\u00e4ude ist die Lagerleitung und die K\u00fcche untergebracht. Ein gro\u00dfer Speisesaal, zwei Gruppenr\u00e4ume und ein Leiterzimmer erg\u00e4nzen die Einrichtung. Ein separates Blockhaus mit gehobener Ausstattung steht f\u00fcr das Leitungsteam zur Verf\u00fcgung. Die Gemeinschaftsr\u00e4ume sind beheizbar. Die getrennten Toiletten und gefliesten Waschr\u00e4ume (mit Duschen) sind in ausreichender Anzahl in separaten Bauten vorhanden. Der Au\u00dfenbereich mit angrenzendem Sportplatz schlie\u00dft direkt an das Gel\u00e4nde der Zelth\u00e4user an und verf\u00fcgt \u00fcber eine gro\u00dfe Wiese, Tischtennisplatten und Fu\u00dfballm\u00f6glichkeiten. Au\u00dferdem gibt es eine gro\u00dfe Feuerstelle.<\/p>\n<p><img loading=\"lazy\" decoding=\"async\" class=\"wp-image-140 size-full aligncenter\" src=\"https:\/\/walchenseezeltlager.de\/wp-content\/uploads\/2018\/07\/naturstrom.gif\" alt=\"naturstrom\" width=\"250\" height=\"128\" \/><\/p>\n<p><strong>Ausstattung des Walchenseecamps<br \/>\n<\/strong><\/p>\n<ul>\n<li>Raumangebot im Hauptgeb\u00e4ude: K\u00fcche, Speisekammer, Sp\u00fclk\u00fcche, Speise- bzw. Aufenthaltsraum, Garderobe, 3 Doppelzimmer.<\/li>\n<li>10 Holzzelte f\u00fcr jeweils 10 Personen mit fest installierten Stockbetten und Staur\u00e4umen, Tisch und St\u00fchle.<\/li>\n<li>1 Holzzelt als Spiel-, Werk-, Bastel-\/Materialzelt.<\/li>\n<li>Waschgeb\u00e4ude: Geteilt f\u00fcr Jungen und M\u00e4dchen, jeweils 5 Waschbecken und 4 Duschen mit Warmwasser.<\/li>\n<li>Toilettengeb\u00e4ude: Geteilt f\u00fcr Jungen und M\u00e4dchen, jeweils 4 normale Sp\u00fclklosetts, 3 Urinale f\u00fcr Jungen, Handwaschbecken mit Warm- und Kaltwasser.<\/li>\n<li>Eigener Sanit\u00e4rbereich: F\u00fcr das K\u00fcchenpersonal mit Dusche, Waschbecken und WC, Waschmaschine und Trockner.<\/li>\n<li>Blockhaus: Gehobene Ausstattung mit Doppelbett + Stockbett; Bad mit Dusche, Waschmaschine, Wohnk\u00fcche mit Elektroherd, K\u00fchlschr\u00e4nken, K\u00fcchenzeile und Esstisch mit Eckbank. Voll ausgestattet mit Geschirr. Terrasse mit Sitzgarnitur.<\/li>\n<\/ul>\n<p><strong>Freizeitwert des Walchenseecamps<br \/>\n<\/strong><\/p>\n<ul>\n<li>Der Zelth\u00fcttenplatz ist nur durch die Uferstra\u00dfe vom See getrennt.<\/li>\n<li>Die Umgebung bietet herrliche Wander- und Ausflugsm\u00f6glichkeiten, wie\u00a0z.B. Baden im Walchensee, Bergtouren zum Herzogstand, Heimgarten,\u00a0Jochberg, Hochkopf oder f\u00fcr Wanderungen um den Walchensee.<\/li>\n<li>Ausflugsfahrten nach Innsbruck, Garmisch-Partenkirchen, Mittenwald\u00a0oder Bad T\u00f6lz, etc.<\/li>\n<li>Feuerstelle auf dem Gel\u00e4nde bietet sich zur Gestaltung stimmungsvoller\u00a0Lagerfeuerabende an.<\/li>\n<li>An Sportfl\u00e4chen steht zur Verf\u00fcgung: 2 Tischtennisplatten mit Netzen, Bolzplatz mit 2 Fu\u00dfballtoren, 1 Volleyballfeld mit Netz, 1 Basketballkorbanlage.<\/li>\n<\/ul>\n<p><strong>Umgebung des Walchenseecamps<br \/>\n<\/strong><\/p>\n<ul>\n<li>Der Walchensee: Ein ehemaliger Gletschersee ist 7 km lang, bis zu 5 km breit und bei vollem Wasserstand bis zu 196 m tief. Die Nordostseite zwischen Urfeld und Niedernach ist f\u00fcr den \u00f6ffentlichen Verkehr gesperrt. Die Insel Sassau ist Vogelschutzgebiet und ganzj\u00e4hrig nicht zu betreten. Das Walchenseecamp ist nur durch die Uferstra\u00dfe und einen kleinen Waldbestand vom See getrennt. Das Ufer f\u00e4llt hier gro\u00dfteils steil ab. Das Baden im See ist hier nur Schwimmern m\u00f6glich. Nichtschwimmer k\u00f6nnen auf einer alten Forststra\u00dfe (Richtung Einsiedl) in<br \/>\n10 Minuten zu einem flachen Kiesbadestrand gelangen, der von der\u00a0Wasserwacht beaufsichtigt ist. Bei einer Wanderung um den See\u00a0m\u00fcssen 30 km bew\u00e4ltigt werden.<\/li>\n<li>Hochkopf: 1328 m, 2 Stunden Aufstieg in Altlach \u00fcber den\u00a0Christophensteig; nach \u00bd Std. erreicht man die Jagdh\u00e4user K\u00f6nig Ludwig\u00a0II.<\/li>\n<li>Simetsberg: 1836 m, 2 Stunden Aufstieg in der N\u00e4he von Einsiedl.<\/li>\n<li>Heimgarten: 1790 m, 2 1\/2 Stunden Aufstieg vom Dorf Walchensee, 1 1\/2\u00a0Stunden Gratwanderung vom Heimgarten zum Herzogstand nur f\u00fcr\u00a0schwindelfreie Personen. Sesselbahn von Urfeld, an der Nordspitze des Walchensees, von 800 m auf 1600 m, Gipfel 1731 m. Von Urfeld zu Fu\u00df in\u00a03 Stunden, von der Passh\u00f6he des Kesselbergs in 2 1\/2 Stunden.<\/li>\n<li>Jochberg: 1567 m, 2 Stunden Aufstieg von der Passh\u00f6he des\u00a0Kesselbergs.<\/li>\n<li>Kesselbergstra\u00dfe: Fast 7 km lang, steigt in 36 Kurven vom Kochelsee, von\u00a0rund 605 m auf 858 m an und f\u00fchrt hinab zum rund 800 m hoch\u00a0gelegenen Walchensee.<\/li>\n<li>Walchenseekraftwerk: Am S\u00fcdostende des Kochelsees, Ausnutzung des\u00a0Gef\u00e4lles von rund 200 m zwischen Walchen- und Kochelsee.<\/li>\n<\/ul>\n<style type=\"text\/css\">\n#foogallery-gallery-126 .fg-image { width: 150px; }\n#foogallery-gallery-126 { --fg-gutter: 10px; }<\/style>\n\t\t\t<div class=\"foogallery foogallery-container foogallery-default foogallery-lightbox-dfactory fg-center fg-default fg-ready fg-light fg-border-thin fg-shadow-outline fg-loading-default fg-loaded-fade-in fg-caption-hover fg-hover-fade fg-hover-zoom\" id=\"foogallery-gallery-126\" data-foogallery=\"{&quot;item&quot;:{&quot;showCaptionTitle&quot;:true,&quot;showCaptionDescription&quot;:true},&quot;lazy&quot;:true}\" style=\"--fg-title-line-clamp: 0; --fg-description-line-clamp: 0;\" >\n\t<div class=\"fg-item fg-type-image fg-idle\"><figure class=\"fg-item-inner\"><a href=\"https:\/\/walchenseezeltlager.de\/wp-content\/uploads\/2018\/07\/haupthaus-aufenthalt.jpg\" data-caption-title=\"Speisesaal\" data-attachment-id=\"34\" data-rel=\"lightbox-image-bGlnaHRib3g=\" data-rl_title=\"\" data-rl_caption=\"\" title=\"\" data-type=\"image\" class=\"fg-thumb\"><span class=\"fg-image-wrap\"><img decoding=\"async\" alt=\"Speisesaal\" title=\"Speisesaal\" width=\"150\" height=\"150\" class=\"skip-lazy fg-image\" data-src-fg=\"https:\/\/walchenseezeltlager.de\/wp-content\/uploads\/cache\/2018\/07\/haupthaus-aufenthalt\/572236556.jpg\" src=\"data:image\/svg+xml,%3Csvg%20xmlns%3D%22http%3A%2F%2Fwww.w3.org%2F2000%2Fsvg%22%20width%3D%22150%22%20height%3D%22150%22%20viewBox%3D%220%200%20150%20150%22%3E%3C%2Fsvg%3E\" loading=\"eager\"><\/span><span class=\"fg-image-overlay\"><\/span><\/a><figcaption class=\"fg-caption\"><div class=\"fg-caption-inner\"><div class=\"fg-caption-title\">Speisesaal<\/div><\/div><\/figcaption><\/figure><div class=\"fg-loader\"><\/div><\/div><div class=\"fg-item fg-type-image fg-idle\"><figure class=\"fg-item-inner\"><a href=\"https:\/\/walchenseezeltlager.de\/wp-content\/uploads\/2018\/07\/zelth\u00fctte-innen.jpg\" data-caption-title=\"Schlafh\u00fctte\" data-attachment-id=\"33\" data-rel=\"lightbox-image-bGlnaHRib3g=\" data-rl_title=\"\" data-rl_caption=\"\" title=\"\" data-type=\"image\" class=\"fg-thumb\"><span class=\"fg-image-wrap\"><img decoding=\"async\" alt=\"Schlafh\u00fctte\" title=\"Schlafh\u00fctte\" width=\"150\" height=\"150\" class=\"skip-lazy fg-image\" data-src-fg=\"https:\/\/walchenseezeltlager.de\/wp-content\/uploads\/cache\/2018\/07\/zelth\u00fctte-innen\/1435930967.jpg\" src=\"data:image\/svg+xml,%3Csvg%20xmlns%3D%22http%3A%2F%2Fwww.w3.org%2F2000%2Fsvg%22%20width%3D%22150%22%20height%3D%22150%22%20viewBox%3D%220%200%20150%20150%22%3E%3C%2Fsvg%3E\" loading=\"eager\"><\/span><span class=\"fg-image-overlay\"><\/span><\/a><figcaption class=\"fg-caption\"><div class=\"fg-caption-inner\"><div class=\"fg-caption-title\">Schlafh\u00fctte<\/div><\/div><\/figcaption><\/figure><div class=\"fg-loader\"><\/div><\/div><div class=\"fg-item fg-type-image fg-idle\"><figure class=\"fg-item-inner\"><a href=\"https:\/\/walchenseezeltlager.de\/wp-content\/uploads\/2018\/07\/zelth\u00fctte-betten.jpg\" data-caption-title=\"Schlafh\u00fctte\" data-attachment-id=\"32\" data-rel=\"lightbox-image-bGlnaHRib3g=\" data-rl_title=\"\" data-rl_caption=\"\" title=\"\" data-type=\"image\" class=\"fg-thumb\"><span class=\"fg-image-wrap\"><img decoding=\"async\" alt=\"Schlafh\u00fctte\" title=\"Schlafh\u00fctte\" width=\"150\" height=\"150\" class=\"skip-lazy fg-image\" data-src-fg=\"https:\/\/walchenseezeltlager.de\/wp-content\/uploads\/cache\/2018\/07\/zelth\u00fctte-betten\/1405022134.jpg\" src=\"data:image\/svg+xml,%3Csvg%20xmlns%3D%22http%3A%2F%2Fwww.w3.org%2F2000%2Fsvg%22%20width%3D%22150%22%20height%3D%22150%22%20viewBox%3D%220%200%20150%20150%22%3E%3C%2Fsvg%3E\" loading=\"eager\"><\/span><span class=\"fg-image-overlay\"><\/span><\/a><figcaption class=\"fg-caption\"><div class=\"fg-caption-inner\"><div class=\"fg-caption-title\">Schlafh\u00fctte<\/div><\/div><\/figcaption><\/figure><div class=\"fg-loader\"><\/div><\/div><div class=\"fg-item fg-type-image fg-idle\"><figure class=\"fg-item-inner\"><a href=\"https:\/\/walchenseezeltlager.de\/wp-content\/uploads\/2018\/07\/aufenthalt-zelth\u00fctte.jpg\" data-caption-title=\"Schlafh\u00fctte\" data-attachment-id=\"31\" data-rel=\"lightbox-image-bGlnaHRib3g=\" data-rl_title=\"\" data-rl_caption=\"\" title=\"\" data-type=\"image\" class=\"fg-thumb\"><span class=\"fg-image-wrap\"><img decoding=\"async\" alt=\"Schlafh\u00fctte\" title=\"Schlafh\u00fctte\" width=\"150\" height=\"150\" class=\"skip-lazy fg-image\" data-src-fg=\"https:\/\/walchenseezeltlager.de\/wp-content\/uploads\/cache\/2018\/07\/aufenthalt-zelth\u00fctte\/813538062.jpg\" src=\"data:image\/svg+xml,%3Csvg%20xmlns%3D%22http%3A%2F%2Fwww.w3.org%2F2000%2Fsvg%22%20width%3D%22150%22%20height%3D%22150%22%20viewBox%3D%220%200%20150%20150%22%3E%3C%2Fsvg%3E\" loading=\"eager\"><\/span><span class=\"fg-image-overlay\"><\/span><\/a><figcaption class=\"fg-caption\"><div class=\"fg-caption-inner\"><div class=\"fg-caption-title\">Schlafh\u00fctte<\/div><\/div><\/figcaption><\/figure><div class=\"fg-loader\"><\/div><\/div><div class=\"fg-item fg-type-image fg-idle\"><figure class=\"fg-item-inner\"><a href=\"https:\/\/walchenseezeltlager.de\/wp-content\/uploads\/2018\/07\/duschhaus-innen.jpg\" data-caption-title=\"Waschen\" data-attachment-id=\"30\" data-rel=\"lightbox-image-bGlnaHRib3g=\" data-rl_title=\"\" data-rl_caption=\"\" title=\"\" data-type=\"image\" class=\"fg-thumb\"><span class=\"fg-image-wrap\"><img decoding=\"async\" alt=\"Waschen\" title=\"Waschen\" width=\"150\" height=\"150\" class=\"skip-lazy fg-image\" data-src-fg=\"https:\/\/walchenseezeltlager.de\/wp-content\/uploads\/cache\/2018\/07\/duschhaus-innen\/1673692872.jpg\" src=\"data:image\/svg+xml,%3Csvg%20xmlns%3D%22http%3A%2F%2Fwww.w3.org%2F2000%2Fsvg%22%20width%3D%22150%22%20height%3D%22150%22%20viewBox%3D%220%200%20150%20150%22%3E%3C%2Fsvg%3E\" loading=\"eager\"><\/span><span class=\"fg-image-overlay\"><\/span><\/a><figcaption class=\"fg-caption\"><div class=\"fg-caption-inner\"><div class=\"fg-caption-title\">Waschen<\/div><\/div><\/figcaption><\/figure><div class=\"fg-loader\"><\/div><\/div><div class=\"fg-item fg-type-image fg-idle\"><figure class=\"fg-item-inner\"><a href=\"https:\/\/walchenseezeltlager.de\/wp-content\/uploads\/2018\/07\/Querschnitt_Dusche-Umkleide_Waschbecken.jpg\" data-caption-title=\"Duschen\" data-attachment-id=\"29\" data-rel=\"lightbox-image-bGlnaHRib3g=\" data-rl_title=\"\" data-rl_caption=\"\" title=\"\" data-type=\"image\" class=\"fg-thumb\"><span class=\"fg-image-wrap\"><img decoding=\"async\" alt=\"Duschen\" title=\"Duschen\" width=\"150\" height=\"150\" class=\"skip-lazy fg-image\" data-src-fg=\"https:\/\/walchenseezeltlager.de\/wp-content\/uploads\/cache\/2018\/07\/Querschnitt_Dusche-Umkleide_Waschbecken\/3967663709.jpg\" src=\"data:image\/svg+xml,%3Csvg%20xmlns%3D%22http%3A%2F%2Fwww.w3.org%2F2000%2Fsvg%22%20width%3D%22150%22%20height%3D%22150%22%20viewBox%3D%220%200%20150%20150%22%3E%3C%2Fsvg%3E\" loading=\"eager\"><\/span><span class=\"fg-image-overlay\"><\/span><\/a><figcaption class=\"fg-caption\"><div class=\"fg-caption-inner\"><div class=\"fg-caption-title\">Duschen<\/div><\/div><\/figcaption><\/figure><div class=\"fg-loader\"><\/div><\/div><div class=\"fg-item fg-type-image fg-idle\"><figure class=\"fg-item-inner\"><a href=\"https:\/\/walchenseezeltlager.de\/wp-content\/uploads\/2018\/07\/48DSC04296.jpg\" data-caption-title=\"Gel\u00e4nde\" data-attachment-id=\"27\" data-rel=\"lightbox-image-bGlnaHRib3g=\" data-rl_title=\"\" data-rl_caption=\"\" title=\"\" data-type=\"image\" class=\"fg-thumb\"><span class=\"fg-image-wrap\"><img decoding=\"async\" alt=\"Gel\u00e4nde\" title=\"Gel\u00e4nde\" width=\"150\" height=\"150\" class=\"skip-lazy fg-image\" data-src-fg=\"https:\/\/walchenseezeltlager.de\/wp-content\/uploads\/cache\/2018\/07\/48DSC04296\/884913447.jpg\" src=\"data:image\/svg+xml,%3Csvg%20xmlns%3D%22http%3A%2F%2Fwww.w3.org%2F2000%2Fsvg%22%20width%3D%22150%22%20height%3D%22150%22%20viewBox%3D%220%200%20150%20150%22%3E%3C%2Fsvg%3E\" loading=\"eager\"><\/span><span class=\"fg-image-overlay\"><\/span><\/a><figcaption class=\"fg-caption\"><div class=\"fg-caption-inner\"><div class=\"fg-caption-title\">Gel\u00e4nde<\/div><\/div><\/figcaption><\/figure><div class=\"fg-loader\"><\/div><\/div><div class=\"fg-item fg-type-image fg-idle\"><figure class=\"fg-item-inner\"><a href=\"https:\/\/walchenseezeltlager.de\/wp-content\/uploads\/2018\/07\/58DSC04559.jpg\" data-caption-title=\"Eingang Haupthaus\" data-attachment-id=\"25\" data-rel=\"lightbox-image-bGlnaHRib3g=\" data-rl_title=\"\" data-rl_caption=\"\" title=\"\" data-type=\"image\" class=\"fg-thumb\"><span class=\"fg-image-wrap\"><img decoding=\"async\" alt=\"Eingang Haupthaus\" title=\"Eingang Haupthaus\" width=\"150\" height=\"150\" class=\"skip-lazy fg-image\" data-src-fg=\"https:\/\/walchenseezeltlager.de\/wp-content\/uploads\/cache\/2018\/07\/58DSC04559\/370826623.jpg\" src=\"data:image\/svg+xml,%3Csvg%20xmlns%3D%22http%3A%2F%2Fwww.w3.org%2F2000%2Fsvg%22%20width%3D%22150%22%20height%3D%22150%22%20viewBox%3D%220%200%20150%20150%22%3E%3C%2Fsvg%3E\" loading=\"eager\"><\/span><span class=\"fg-image-overlay\"><\/span><\/a><figcaption class=\"fg-caption\"><div class=\"fg-caption-inner\"><div class=\"fg-caption-title\">Eingang Haupthaus<\/div><\/div><\/figcaption><\/figure><div class=\"fg-loader\"><\/div><\/div><div class=\"fg-item fg-type-image fg-idle\"><figure class=\"fg-item-inner\"><a href=\"https:\/\/walchenseezeltlager.de\/wp-content\/uploads\/2018\/07\/59DSC04563.jpg\" data-caption-title=\"Gel\u00e4nde\" data-attachment-id=\"24\" data-rel=\"lightbox-image-bGlnaHRib3g=\" data-rl_title=\"\" data-rl_caption=\"\" title=\"\" data-type=\"image\" class=\"fg-thumb\"><span class=\"fg-image-wrap\"><img decoding=\"async\" alt=\"Gel\u00e4nde\" title=\"Gel\u00e4nde\" width=\"150\" height=\"150\" class=\"skip-lazy fg-image\" data-src-fg=\"https:\/\/walchenseezeltlager.de\/wp-content\/uploads\/cache\/2018\/07\/59DSC04563\/744128526.jpg\" src=\"data:image\/svg+xml,%3Csvg%20xmlns%3D%22http%3A%2F%2Fwww.w3.org%2F2000%2Fsvg%22%20width%3D%22150%22%20height%3D%22150%22%20viewBox%3D%220%200%20150%20150%22%3E%3C%2Fsvg%3E\" loading=\"eager\"><\/span><span class=\"fg-image-overlay\"><\/span><\/a><figcaption class=\"fg-caption\"><div class=\"fg-caption-inner\"><div class=\"fg-caption-title\">Gel\u00e4nde<\/div><\/div><\/figcaption><\/figure><div class=\"fg-loader\"><\/div><\/div><div class=\"fg-item fg-type-image fg-idle\"><figure class=\"fg-item-inner\"><a href=\"https:\/\/walchenseezeltlager.de\/wp-content\/uploads\/2018\/07\/60DSC04566.jpg\" data-caption-title=\"Gel\u00e4nde\" data-attachment-id=\"23\" data-rel=\"lightbox-image-bGlnaHRib3g=\" data-rl_title=\"\" data-rl_caption=\"\" title=\"\" data-type=\"image\" class=\"fg-thumb\"><span class=\"fg-image-wrap\"><img decoding=\"async\" alt=\"Gel\u00e4nde\" title=\"Gel\u00e4nde\" width=\"150\" height=\"150\" class=\"skip-lazy fg-image\" data-src-fg=\"https:\/\/walchenseezeltlager.de\/wp-content\/uploads\/cache\/2018\/07\/60DSC04566\/1600249267.jpg\" src=\"data:image\/svg+xml,%3Csvg%20xmlns%3D%22http%3A%2F%2Fwww.w3.org%2F2000%2Fsvg%22%20width%3D%22150%22%20height%3D%22150%22%20viewBox%3D%220%200%20150%20150%22%3E%3C%2Fsvg%3E\" loading=\"eager\"><\/span><span class=\"fg-image-overlay\"><\/span><\/a><figcaption class=\"fg-caption\"><div class=\"fg-caption-inner\"><div class=\"fg-caption-title\">Gel\u00e4nde<\/div><\/div><\/figcaption><\/figure><div class=\"fg-loader\"><\/div><\/div><div class=\"fg-item fg-type-image fg-idle\"><figure class=\"fg-item-inner\"><a href=\"https:\/\/walchenseezeltlager.de\/wp-content\/uploads\/2018\/07\/64DSC04610.jpg\" data-caption-title=\"Gel\u00e4nde\" data-attachment-id=\"22\" data-rel=\"lightbox-image-bGlnaHRib3g=\" data-rl_title=\"\" data-rl_caption=\"\" title=\"\" data-type=\"image\" class=\"fg-thumb\"><span class=\"fg-image-wrap\"><img decoding=\"async\" alt=\"Gel\u00e4nde\" title=\"Gel\u00e4nde\" width=\"150\" height=\"150\" class=\"skip-lazy fg-image\" data-src-fg=\"https:\/\/walchenseezeltlager.de\/wp-content\/uploads\/cache\/2018\/07\/64DSC04610\/4262208148.jpg\" src=\"data:image\/svg+xml,%3Csvg%20xmlns%3D%22http%3A%2F%2Fwww.w3.org%2F2000%2Fsvg%22%20width%3D%22150%22%20height%3D%22150%22%20viewBox%3D%220%200%20150%20150%22%3E%3C%2Fsvg%3E\" loading=\"eager\"><\/span><span class=\"fg-image-overlay\"><\/span><\/a><figcaption class=\"fg-caption\"><div class=\"fg-caption-inner\"><div class=\"fg-caption-title\">Gel\u00e4nde<\/div><\/div><\/figcaption><\/figure><div class=\"fg-loader\"><\/div><\/div><div class=\"fg-item fg-type-image fg-idle\"><figure class=\"fg-item-inner\"><a href=\"https:\/\/walchenseezeltlager.de\/wp-content\/uploads\/2018\/07\/72DSC04729.jpg\" data-caption-title=\"Gel\u00e4nde\" data-attachment-id=\"21\" data-rel=\"lightbox-image-bGlnaHRib3g=\" data-rl_title=\"\" data-rl_caption=\"\" title=\"\" data-type=\"image\" class=\"fg-thumb\"><span class=\"fg-image-wrap\"><img decoding=\"async\" alt=\"Gel\u00e4nde\" title=\"Gel\u00e4nde\" width=\"150\" height=\"150\" class=\"skip-lazy fg-image\" data-src-fg=\"https:\/\/walchenseezeltlager.de\/wp-content\/uploads\/cache\/2018\/07\/72DSC04729\/2811525588.jpg\" src=\"data:image\/svg+xml,%3Csvg%20xmlns%3D%22http%3A%2F%2Fwww.w3.org%2F2000%2Fsvg%22%20width%3D%22150%22%20height%3D%22150%22%20viewBox%3D%220%200%20150%20150%22%3E%3C%2Fsvg%3E\" loading=\"eager\"><\/span><span class=\"fg-image-overlay\"><\/span><\/a><figcaption class=\"fg-caption\"><div class=\"fg-caption-inner\"><div class=\"fg-caption-title\">Gel\u00e4nde<\/div><\/div><\/figcaption><\/figure><div class=\"fg-loader\"><\/div><\/div><div class=\"fg-item fg-type-image fg-idle\"><figure class=\"fg-item-inner\"><a href=\"https:\/\/walchenseezeltlager.de\/wp-content\/uploads\/2018\/07\/75DSC04739.jpg\" data-caption-title=\"H\u00fctten\" data-attachment-id=\"20\" data-rel=\"lightbox-image-bGlnaHRib3g=\" data-rl_title=\"\" data-rl_caption=\"\" title=\"\" data-type=\"image\" class=\"fg-thumb\"><span class=\"fg-image-wrap\"><img decoding=\"async\" alt=\"H\u00fctten\" title=\"H\u00fctten\" width=\"150\" height=\"150\" class=\"skip-lazy fg-image\" data-src-fg=\"https:\/\/walchenseezeltlager.de\/wp-content\/uploads\/cache\/2018\/07\/75DSC04739\/1903425807.jpg\" src=\"data:image\/svg+xml,%3Csvg%20xmlns%3D%22http%3A%2F%2Fwww.w3.org%2F2000%2Fsvg%22%20width%3D%22150%22%20height%3D%22150%22%20viewBox%3D%220%200%20150%20150%22%3E%3C%2Fsvg%3E\" loading=\"eager\"><\/span><span class=\"fg-image-overlay\"><\/span><\/a><figcaption class=\"fg-caption\"><div class=\"fg-caption-inner\"><div class=\"fg-caption-title\">H\u00fctten<\/div><\/div><\/figcaption><\/figure><div class=\"fg-loader\"><\/div><\/div><div class=\"fg-item fg-type-image fg-idle\"><figure class=\"fg-item-inner\"><a href=\"https:\/\/walchenseezeltlager.de\/wp-content\/uploads\/2018\/07\/77DSC04767.jpg\" data-caption-title=\"H\u00fctten\" data-attachment-id=\"19\" data-rel=\"lightbox-image-bGlnaHRib3g=\" data-rl_title=\"\" data-rl_caption=\"\" title=\"\" data-type=\"image\" class=\"fg-thumb\"><span class=\"fg-image-wrap\"><img decoding=\"async\" alt=\"H\u00fctten\" title=\"H\u00fctten\" width=\"150\" height=\"150\" class=\"skip-lazy fg-image\" data-src-fg=\"https:\/\/walchenseezeltlager.de\/wp-content\/uploads\/cache\/2018\/07\/77DSC04767\/352881775.jpg\" src=\"data:image\/svg+xml,%3Csvg%20xmlns%3D%22http%3A%2F%2Fwww.w3.org%2F2000%2Fsvg%22%20width%3D%22150%22%20height%3D%22150%22%20viewBox%3D%220%200%20150%20150%22%3E%3C%2Fsvg%3E\" loading=\"eager\"><\/span><span class=\"fg-image-overlay\"><\/span><\/a><figcaption class=\"fg-caption\"><div class=\"fg-caption-inner\"><div class=\"fg-caption-title\">H\u00fctten<\/div><\/div><\/figcaption><\/figure><div class=\"fg-loader\"><\/div><\/div><div class=\"fg-item fg-type-image fg-idle\"><figure class=\"fg-item-inner\"><a href=\"https:\/\/walchenseezeltlager.de\/wp-content\/uploads\/2018\/07\/80DSC04780.jpg\" data-caption-title=\"Gel\u00e4nde\" data-attachment-id=\"18\" data-rel=\"lightbox-image-bGlnaHRib3g=\" data-rl_title=\"\" data-rl_caption=\"\" title=\"\" data-type=\"image\" class=\"fg-thumb\"><span class=\"fg-image-wrap\"><img decoding=\"async\" alt=\"H\u00fctten\" title=\"Gel\u00e4nde\" width=\"150\" height=\"150\" class=\"skip-lazy fg-image\" data-src-fg=\"https:\/\/walchenseezeltlager.de\/wp-content\/uploads\/cache\/2018\/07\/80DSC04780\/3490838953.jpg\" src=\"data:image\/svg+xml,%3Csvg%20xmlns%3D%22http%3A%2F%2Fwww.w3.org%2F2000%2Fsvg%22%20width%3D%22150%22%20height%3D%22150%22%20viewBox%3D%220%200%20150%20150%22%3E%3C%2Fsvg%3E\" loading=\"eager\"><\/span><span class=\"fg-image-overlay\"><\/span><\/a><figcaption class=\"fg-caption\"><div class=\"fg-caption-inner\"><div class=\"fg-caption-title\">Gel\u00e4nde<\/div><\/div><\/figcaption><\/figure><div class=\"fg-loader\"><\/div><\/div><div class=\"fg-item fg-type-image fg-idle\"><figure class=\"fg-item-inner\"><a href=\"https:\/\/walchenseezeltlager.de\/wp-content\/uploads\/2018\/08\/kueche_1_8.jpg\" data-caption-title=\"K\u00fcche\" data-caption-desc=\"K\u00fcche\" data-attachment-id=\"191\" data-rel=\"lightbox-image-bGlnaHRib3g=\" data-rl_title=\"\" data-rl_caption=\"\" title=\"\" data-type=\"image\" class=\"fg-thumb\"><span class=\"fg-image-wrap\"><img decoding=\"async\" alt=\"K\u00fcche\" title=\"K\u00fcche\" width=\"150\" height=\"150\" class=\"skip-lazy fg-image\" data-src-fg=\"https:\/\/walchenseezeltlager.de\/wp-content\/uploads\/cache\/2018\/08\/kueche_1_8\/2032155751.jpg\" src=\"data:image\/svg+xml,%3Csvg%20xmlns%3D%22http%3A%2F%2Fwww.w3.org%2F2000%2Fsvg%22%20width%3D%22150%22%20height%3D%22150%22%20viewBox%3D%220%200%20150%20150%22%3E%3C%2Fsvg%3E\" loading=\"eager\"><\/span><span class=\"fg-image-overlay\"><\/span><\/a><figcaption class=\"fg-caption\"><div class=\"fg-caption-inner\"><div class=\"fg-caption-title\">K\u00fcche<\/div><div class=\"fg-caption-desc\">K\u00fcche<\/div><\/div><\/figcaption><\/figure><div class=\"fg-loader\"><\/div><\/div><div class=\"fg-item fg-type-image fg-idle\"><figure class=\"fg-item-inner\"><a href=\"https:\/\/walchenseezeltlager.de\/wp-content\/uploads\/2018\/08\/kueche_2_8.jpg\" data-caption-title=\"K\u00fcche\" data-caption-desc=\"K\u00fcche\" data-attachment-id=\"190\" data-rel=\"lightbox-image-bGlnaHRib3g=\" data-rl_title=\"\" data-rl_caption=\"\" title=\"\" data-type=\"image\" class=\"fg-thumb\"><span class=\"fg-image-wrap\"><img decoding=\"async\" alt=\"K\u00fcche\" title=\"K\u00fcche\" width=\"150\" height=\"150\" class=\"skip-lazy fg-image\" data-src-fg=\"https:\/\/walchenseezeltlager.de\/wp-content\/uploads\/cache\/2018\/08\/kueche_2_8\/2926766985.jpg\" src=\"data:image\/svg+xml,%3Csvg%20xmlns%3D%22http%3A%2F%2Fwww.w3.org%2F2000%2Fsvg%22%20width%3D%22150%22%20height%3D%22150%22%20viewBox%3D%220%200%20150%20150%22%3E%3C%2Fsvg%3E\" loading=\"eager\"><\/span><span class=\"fg-image-overlay\"><\/span><\/a><figcaption class=\"fg-caption\"><div class=\"fg-caption-inner\"><div class=\"fg-caption-title\">K\u00fcche<\/div><div class=\"fg-caption-desc\">K\u00fcche<\/div><\/div><\/figcaption><\/figure><div class=\"fg-loader\"><\/div><\/div><div class=\"fg-item fg-type-image fg-idle\"><figure class=\"fg-item-inner\"><a href=\"https:\/\/walchenseezeltlager.de\/wp-content\/uploads\/2018\/07\/53DSC04456_730_350.jpg\" data-attachment-id=\"183\" data-rel=\"lightbox-image-bGlnaHRib3g=\" data-rl_title=\"\" data-rl_caption=\"\" data-type=\"image\" class=\"fg-thumb\" title=\"\"><span class=\"fg-image-wrap\"><img decoding=\"async\" width=\"150\" height=\"150\" class=\"skip-lazy fg-image\" data-src-fg=\"https:\/\/walchenseezeltlager.de\/wp-content\/uploads\/cache\/2018\/07\/53DSC04456_730_350\/327114091.jpg\" src=\"data:image\/svg+xml,%3Csvg%20xmlns%3D%22http%3A%2F%2Fwww.w3.org%2F2000%2Fsvg%22%20width%3D%22150%22%20height%3D%22150%22%20viewBox%3D%220%200%20150%20150%22%3E%3C%2Fsvg%3E\" loading=\"eager\"><\/span><span class=\"fg-image-overlay\"><\/span><\/a><\/figure><div class=\"fg-loader\"><\/div><\/div><\/div>\n\n","protected":false},"excerpt":{"rendered":"<p>Das Walchenseecamp bietet in 10 Holzh\u00fctten Unterkunft f\u00fcr bis zu 100 Personen. Ein weiteres Zelthaus steht als Werk- und Bastelraum &hellip; <a href=\"https:\/\/walchenseezeltlager.de\/?page_id=60\" class=\"more-link\">Continue reading <span class=\"screen-reader-text\">Ausstattung<\/span><\/a><\/p>\n","protected":false},"author":1,"featured_media":181,"parent":0,"menu_order":0,"comment_status":"closed","ping_status":"closed","template":"","meta":{"footnotes":""},"class_list":["post-60","page","type-page","status-publish","has-post-thumbnail","hentry"],"_links":{"self":[{"href":"https:\/\/walchenseezeltlager.de\/index.php?rest_route=\/wp\/v2\/pages\/60","targetHints":{"allow":["GET"]}}],"collection":[{"href":"https:\/\/walchenseezeltlager.de\/index.php?rest_route=\/wp\/v2\/pages"}],"about":[{"href":"https:\/\/walchenseezeltlager.de\/index.php?rest_route=\/wp\/v2\/types\/page"}],"author":[{"embeddable":true,"href":"https:\/\/walchenseezeltlager.de\/index.php?rest_route=\/wp\/v2\/users\/1"}],"replies":[{"embeddable":true,"href":"https:\/\/walchenseezeltlager.de\/index.php?rest_route=%2Fwp%2Fv2%2Fcomments&post=60"}],"version-history":[{"count":14,"href":"https:\/\/walchenseezeltlager.de\/index.php?rest_route=\/wp\/v2\/pages\/60\/revisions"}],"predecessor-version":[{"id":400,"href":"https:\/\/walchenseezeltlager.de\/index.php?rest_route=\/wp\/v2\/pages\/60\/revisions\/400"}],"wp:featuredmedia":[{"embeddable":true,"href":"https:\/\/walchenseezeltlager.de\/index.php?rest_route=\/wp\/v2\/media\/181"}],"wp:attachment":[{"href":"https:\/\/walchenseezeltlager.de\/index.php?rest_route=%2Fwp%2Fv2%2Fmedia&parent=60"}],"curies":[{"name":"wp","href":"https:\/\/api.w.org\/{rel}","templated":true}]}}