{"id":58,"date":"2018-07-01T11:32:57","date_gmt":"2018-07-01T11:32:57","guid":{"rendered":"http:\/\/test.walchenseezeltlager.de\/?page_id=58"},"modified":"2018-09-26T06:36:23","modified_gmt":"2018-09-26T06:36:23","slug":"lage-anfahrt","status":"publish","type":"page","link":"https:\/\/walchenseezeltlager.de\/?page_id=58","title":{"rendered":"Lage &#038; Anfahrt"},"content":{"rendered":"<p>Das Walchenseecamp liegt verdeckt von B\u00e4umen auf einer Waldlichtung.<br \/>\nEs ist nur \u00fcber die Mautstra\u00dfe Jachenau \u2013 Einsiedel erreichbar.<\/p>\n<p>Koordinaten:\u00a047\u00b034&#8217;25.3&#8243;N 11\u00b021&#8217;41.5&#8243;E<\/p>\n<p>&nbsp;<\/p>\n<style type=\"text\/css\">\n#foogallery-gallery-134 .fg-image { width: 600px; }\n#foogallery-gallery-134 { --fg-gutter: 10px; }<\/style>\n\t\t\t<div class=\"foogallery foogallery-container foogallery-default foogallery-lightbox-dfactory fg-center fg-default fg-ready fg-light fg-border-thin fg-shadow-outline fg-loading-default fg-loaded-fade-in fg-caption-hover fg-hover-fade fg-hover-zoom\" id=\"foogallery-gallery-134\" data-foogallery=\"{&quot;item&quot;:{&quot;showCaptionTitle&quot;:true,&quot;showCaptionDescription&quot;:true},&quot;lazy&quot;:true}\" style=\"--fg-title-line-clamp: 0; --fg-description-line-clamp: 0;\" >\n\t<div class=\"fg-item fg-type-image fg-idle\"><figure class=\"fg-item-inner\"><a href=\"https:\/\/walchenseezeltlager.de\/wp-content\/uploads\/2018\/07\/lageplan.jpg\" data-caption-desc=\"Lageplan\" data-attachment-id=\"130\" data-rel=\"lightbox-image-bGlnaHRib3g=\" data-rl_title=\"\" data-rl_caption=\"\" data-type=\"image\" class=\"fg-thumb\" title=\"\"><span class=\"fg-image-wrap\"><img fetchpriority=\"high\" decoding=\"async\" alt=\"Lageplan\" width=\"600\" height=\"465\" class=\"skip-lazy fg-image\" data-src-fg=\"https:\/\/walchenseezeltlager.de\/wp-content\/uploads\/cache\/2018\/07\/lageplan\/200442082.jpg\" src=\"data:image\/svg+xml,%3Csvg%20xmlns%3D%22http%3A%2F%2Fwww.w3.org%2F2000%2Fsvg%22%20width%3D%22600%22%20height%3D%22465%22%20viewBox%3D%220%200%20600%20465%22%3E%3C%2Fsvg%3E\" loading=\"eager\"><\/span><span class=\"fg-image-overlay\"><\/span><\/a><figcaption class=\"fg-caption\"><div class=\"fg-caption-inner\"><div class=\"fg-caption-desc\">Lageplan<\/div><\/div><\/figcaption><\/figure><div class=\"fg-loader\"><\/div><\/div><\/div>\n\n<p style=\"text-align: center;\">*****<br \/>\n<iframe loading=\"lazy\" style=\"border: 0;\" src=\"https:\/\/www.google.com\/maps\/embed?pb=!1m18!1m12!1m3!1d3399.667011560928!2d11.359391816023555!3d47.57371857918261!2m3!1f0!2f0!3f0!3m2!1i1024!2i768!4f13.1!3m3!1m2!1s0x479da15a6010fac9%3A0xf645f923905fbe5f!2sJugendcamp+Breitort!5e1!3m2!1sde!2sde!4v1530943387347\" width=\"600\" height=\"450\" frameborder=\"0\" allowfullscreen=\"allowfullscreen\"><\/iframe><\/p>\n","protected":false},"excerpt":{"rendered":"<p>Das Walchenseecamp liegt verdeckt von B\u00e4umen auf einer Waldlichtung. Es ist nur \u00fcber die Mautstra\u00dfe Jachenau \u2013 Einsiedel erreichbar. Koordinaten:\u00a047\u00b034&#8217;25.3&#8243;N &hellip; <a href=\"https:\/\/walchenseezeltlager.de\/?page_id=58\" class=\"more-link\">Continue reading <span class=\"screen-reader-text\">Lage &#038; Anfahrt<\/span><\/a><\/p>\n","protected":false},"author":1,"featured_media":184,"parent":0,"menu_order":0,"comment_status":"closed","ping_status":"closed","template":"","meta":{"footnotes":""},"class_list":["post-58","page","type-page","status-publish","has-post-thumbnail","hentry"],"_links":{"self":[{"href":"https:\/\/walchenseezeltlager.de\/index.php?rest_route=\/wp\/v2\/pages\/58","targetHints":{"allow":["GET"]}}],"collection":[{"href":"https:\/\/walchenseezeltlager.de\/index.php?rest_route=\/wp\/v2\/pages"}],"about":[{"href":"https:\/\/walchenseezeltlager.de\/index.php?rest_route=\/wp\/v2\/types\/page"}],"author":[{"embeddable":true,"href":"https:\/\/walchenseezeltlager.de\/index.php?rest_route=\/wp\/v2\/users\/1"}],"replies":[{"embeddable":true,"href":"https:\/\/walchenseezeltlager.de\/index.php?rest_route=%2Fwp%2Fv2%2Fcomments&post=58"}],"version-history":[{"count":13,"href":"https:\/\/walchenseezeltlager.de\/index.php?rest_route=\/wp\/v2\/pages\/58\/revisions"}],"predecessor-version":[{"id":206,"href":"https:\/\/walchenseezeltlager.de\/index.php?rest_route=\/wp\/v2\/pages\/58\/revisions\/206"}],"wp:featuredmedia":[{"embeddable":true,"href":"https:\/\/walchenseezeltlager.de\/index.php?rest_route=\/wp\/v2\/media\/184"}],"wp:attachment":[{"href":"https:\/\/walchenseezeltlager.de\/index.php?rest_route=%2Fwp%2Fv2%2Fmedia&parent=58"}],"curies":[{"name":"wp","href":"https:\/\/api.w.org\/{rel}","templated":true}]}}