{"id":399,"date":"2025-02-11T11:53:21","date_gmt":"2025-02-11T11:53:21","guid":{"rendered":"https:\/\/walchenseezeltlager.de\/?page_id=399"},"modified":"2025-02-11T11:53:21","modified_gmt":"2025-02-11T11:53:21","slug":"unterstuetzen","status":"publish","type":"page","link":"https:\/\/walchenseezeltlager.de\/?page_id=399","title":{"rendered":"Unterst\u00fctzen"},"content":{"rendered":"<\/p>\n<p>Mit deiner Spende kannst du:<\/p>\n<ul class=\"wp-block-list\">\n<li>Ein neues Dach f\u00fcr das Haupthaus finanzieren.<\/li>\n \n<li>Einen neuen Fettabscheider beschaffen.<\/li>\n \n<li>Die Sanit\u00e4ranlagen renovieren und auf den neuesten Stand bringen.<\/li>\n<\/ul>\n<p> <\/p>\n<p>Gemeinsam k\u00f6nnen wir das Walchenseecamp retten und f\u00fcr zuk\u00fcnftige Generationen erhalten.<\/p>\n<p> <\/p>\n<p>Bitte unterst\u00fctze uns mit deiner Spende \u00fcber unsere <a href=\"https:\/\/www.gofundme.com\/f\/rettet-das-walchenseecamp\">GoFundMe-Kampagne<\/a> <\/p>\n<p>Vielen Dank f\u00fcr deine Unterst\u00fctzung!<\/p>\n<p> <\/p>\n<p>Das Team des Walchenseecamps<\/p>\n<p><\/p>\n\n\n<p><\/p>\n\n\n\n<p><\/p>\n<!-- \/wp:paragraph --><!-- wp:post-content --><!-- wp:image {\"id\":402,\"sizeSlug\":\"full\",\"linkDestination\":\"none\"} -->\n<figure class=\"wp-block-image size-full\"><img loading=\"lazy\" decoding=\"async\" width=\"620\" height=\"620\" src=\"https:\/\/walchenseezeltlager.de\/wp-content\/uploads\/2025\/02\/qr-code_GoFundMe.png\" alt=\"\" class=\"wp-image-402\" srcset=\"https:\/\/walchenseezeltlager.de\/wp-content\/uploads\/2025\/02\/qr-code_GoFundMe.png 620w, https:\/\/walchenseezeltlager.de\/wp-content\/uploads\/2025\/02\/qr-code_GoFundMe-300x300.png 300w, https:\/\/walchenseezeltlager.de\/wp-content\/uploads\/2025\/02\/qr-code_GoFundMe-150x150.png 150w, https:\/\/walchenseezeltlager.de\/wp-content\/uploads\/2025\/02\/qr-code_GoFundMe-116x116.png 116w\" sizes=\"auto, (max-width: 620px) 100vw, 620px\" \/><\/figure>\n<!-- \/wp:image -->\n\n<p><!-- wp:paragraph --><\/p>\n<p><strong>SOS &#8211; Unser Walchenseecamp braucht deine Hilfe!<\/strong><\/p>\n<p>Liebe Freunde des Walchenseecamps,<\/p>\n<p><!-- \/wp:paragraph --> <!-- wp:paragraph --><\/p>\n<p>Unser geliebtes Lager, ein Ort der Freude, des Lernens und der unvergesslichen Abenteuer f\u00fcr Kinder und Jugendliche, befindet sich in einer dringenden Notlage. Die Jahre haben ihre Spuren hinterlassen und umfangreiche Sanierungsarbeiten sind notwendig, um auch weiterhin den Komfort f\u00fcr unsere jungen G\u00e4ste zu gew\u00e4hrleisten.<\/p>\n<p><!-- \/wp:paragraph --> <!-- wp:paragraph --><\/p>\n<p>Das verzinkte Blechdach weist altersbedingte Abnutzungsspuren auf, der Fettabscheider im Keller ist am Ende seiner Nutzungszeit angelangt, die sanit\u00e4ren Anlagen bed\u00fcrfen einer dringenden Modernisierung. Ohne diese dringend notwendigen Reparaturen ist die Zukunft des Walchenseecamps in Gefahr.<\/p>\n<p><!-- \/wp:paragraph --> <!-- wp:paragraph --><\/p>\n<p>Wir brauchen deine Hilfe! Jeder Euro z\u00e4hlt, um unsere Vision vom langfristigen Erhalt dieses einmaligen Orts f\u00fcr Jugendarbeit zu verwirklichen. <\/p>\n<p><!-- \/wp:paragraph --> <!-- wp:paragraph --><\/p>\n<p>Mit deiner Spende kannst du:<!-- wp:list --><\/p>\n<ul class=\"wp-block-list\"><!-- wp:list-item -->\n<li>Ein neues Dach f\u00fcr das Haupthaus finanzieren.<\/li>\n<!-- \/wp:list-item --> <!-- wp:list-item -->\n<li>Einen neuen Fettabscheider beschaffen.<\/li>\n<!-- \/wp:list-item --> <!-- wp:list-item -->\n<li>Die Sanit\u00e4ranlagen renovieren und auf den neuesten Stand bringen.<\/li>\n<!-- \/wp:list-item --><\/ul>\n<p><!-- \/wp:list --> <!-- wp:paragraph --><\/p>\n<p>Gemeinsam k\u00f6nnen wir das Walchenseecamp retten und f\u00fcr zuk\u00fcnftige Generationen erhalten.<\/p>\n<p><!-- \/wp:paragraph --> <!-- wp:paragraph --><\/p>\n<p>Bitte unterst\u00fctze uns mit deiner Spende \u00fcber unsere <a href=\"https:\/\/www.gofundme.com\/f\/rettet-das-walchenseecamp\">GoFundMe-Kampagne<\/a> <!-- wp:paragraph --><\/p>\n<p>Vielen Dank f\u00fcr deine Unterst\u00fctzung!<\/p>\n<p><!-- \/wp:paragraph --> <!-- wp:paragraph --><\/p>\n<p>Das Team des Walchenseecamps<\/p>\n<p><!-- \/wp:paragraph --><\/p>\n\n<!-- wp:paragraph -->\n<p><\/p>\n<!-- \/wp:paragraph -->\n\n<!-- wp:paragraph -->\n<p><\/p>\n<!-- \/wp:paragraph --><!-- \/wp:post-content -->","protected":false},"excerpt":{"rendered":"<p>SOS &#8211; Unser Walchenseecamp braucht deine Hilfe! Liebe Freunde des Walchenseecamps, Unser geliebtes Lager, ein Ort der Freude, des Lernens &hellip; <a href=\"https:\/\/walchenseezeltlager.de\/?page_id=399\" class=\"more-link\">Continue reading <span class=\"screen-reader-text\">Unterst\u00fctzen<\/span><\/a><\/p>\n","protected":false},"author":2,"featured_media":0,"parent":0,"menu_order":0,"comment_status":"closed","ping_status":"closed","template":"","meta":{"footnotes":""},"class_list":["post-399","page","type-page","status-publish","hentry"],"_links":{"self":[{"href":"https:\/\/walchenseezeltlager.de\/index.php?rest_route=\/wp\/v2\/pages\/399","targetHints":{"allow":["GET"]}}],"collection":[{"href":"https:\/\/walchenseezeltlager.de\/index.php?rest_route=\/wp\/v2\/pages"}],"about":[{"href":"https:\/\/walchenseezeltlager.de\/index.php?rest_route=\/wp\/v2\/types\/page"}],"author":[{"embeddable":true,"href":"https:\/\/walchenseezeltlager.de\/index.php?rest_route=\/wp\/v2\/users\/2"}],"replies":[{"embeddable":true,"href":"https:\/\/walchenseezeltlager.de\/index.php?rest_route=%2Fwp%2Fv2%2Fcomments&post=399"}],"version-history":[{"count":1,"href":"https:\/\/walchenseezeltlager.de\/index.php?rest_route=\/wp\/v2\/pages\/399\/revisions"}],"predecessor-version":[{"id":403,"href":"https:\/\/walchenseezeltlager.de\/index.php?rest_route=\/wp\/v2\/pages\/399\/revisions\/403"}],"wp:attachment":[{"href":"https:\/\/walchenseezeltlager.de\/index.php?rest_route=%2Fwp%2Fv2%2Fmedia&parent=399"}],"curies":[{"name":"wp","href":"https:\/\/api.w.org\/{rel}","templated":true}]}}