{"id":186,"date":"2018-07-31T12:10:01","date_gmt":"2018-07-31T12:10:01","guid":{"rendered":"https:\/\/walchenseezeltlager.de\/?page_id=186"},"modified":"2025-07-08T11:15:27","modified_gmt":"2025-07-08T11:15:27","slug":"verein","status":"publish","type":"page","link":"https:\/\/walchenseezeltlager.de\/?page_id=186","title":{"rendered":"Hintergrund"},"content":{"rendered":"<p>Alles begann mit einer spontanen Entscheidung im Jahre 1957: Der damalige Vorstand des Bezirksjugendrings (BezJR) und dessen Vorsitzender, Adolf Binder, beschlossen, das Gel\u00e4nde am Walchensee f\u00fcr das &#8222;Zeltplatz-Projekt&#8220; zu pachten, den Zeltplatz am Walchensee auszubauen und ihn provisorisch in Betrieb zu nehmen.<\/p>\n<p>Zur Entlastung des BezJR- Vorstandes wurde Anfang der 70er Jahre der Tr\u00e4gerverein \u201eJugend, Freizeit und Erholung Oberbayern e.V.\u201c gegr\u00fcndet. Unter dem damals neuen Vorsitzenden Helmut Hofer, konnte 1983 eine Modernisierung des Lagers, verwirklicht werden.<\/p>\n<p>Seither setzt sich der Verein ehrenamtlich f\u00fcr den Erhalt des Platzes ein. Im Jahr 2020 benennt sich der Verein in <em>Walchenseeverein e.V.<\/em> um.<\/p>\n<p>Viele kleinere und gr\u00f6\u00dfere Instandhaltungsma\u00dfnahmen werden im Laufe der Zeit am Walchensee durchgef\u00fchrt. Finanziert werden diese durch Verbands- und sp\u00e4ter auch durch Vereinsmittel sowie \u00f6ffentliche Gelder. Doch um die Zukunft des Platzes f\u00fcr die Jugendarbeit langfristig zu sichern, sieht sich der Verein im Jahr 2021 gezwungen, den Platz abzugeben.<\/p>\n<p>Der Landkreis M\u00fcnchen pachtet das Gel\u00e4nde ab Januar 2022, zun\u00e4chst befristet auf zwei Jahre, um notwendige Sanierungsma\u00dfnahmen zu pr\u00fcfen und den Platz langfristig f\u00fcr die Jugendarbeit zu erhalten. Neuer Tr\u00e4ger des Platzes wird der Kreisjugendring M\u00fcnchen-Land.<\/p>\n<p>Der gesamte Prozess zog sich etwas in die L\u00e4nge, aus der zweij\u00e4hrigen \u201eErprobung\u201c wurden schlie\u00dflich drei Jahre, aus dem \u201eJugendcamp Breitort\u201c wurde das \u201eWalchenseecamp\u201c.<\/p>\n<p>Ende 2024 veranlassten die gesch\u00e4tzten Investitionskosten in Millionenh\u00f6he f\u00fcr eine umfassende Sanierung des Gel\u00e4ndes den Landkreis M\u00fcnchen dazu, den Platz aufgrund der angespannten Haushaltslage ab Januar 2025 wieder an den Walchenseeverein e.V. zur\u00fcckzugeben.<br \/><br \/>Diese Entscheidung l\u00e4sst alle Beteiligten eng zusammenr\u00fccken, um den Platz f\u00fcr die Jugendarbeit zu erhalten. Der Betrieb im Sommer 2025 findet in Kooperation mit dem Kreisjugendring M\u00fcnchen-Land statt, die Projektleitung arbeitet ehrenamtlich, f\u00fcr Buchungsabl\u00e4ufe und den Betrieb am Platz kann auf die Infrastruktur der letzten Jahre zur\u00fcckgegriffen werden. Auch andere Unterst\u00fctzer, wie der Kreisjugendring M\u00fcnchen-Stadt und Freiwillige aus Belegergruppen setzen sich mit viel Eigenleistung daf\u00fcr ein, dass das Walchenseecamp gut in die Saison 2025 starten kann. Finanziert werden die daf\u00fcr notwendigen Ma\u00dfnahmen aus R\u00fccklagen der letzten Jahre und \u00fcber Spenden. \u00a0<\/p>\n<p>Im Februar 2025 wird Jan Museler zum neuen Vorsitzenden des Walchenseevereins gew\u00e4hlt.<br \/>Mit viel Herzblut hat er sich zuvor viele Jahre als Vorsitzender des Kreisjugendrings M\u00fcnchen-Land ehrenamtlich f\u00fcr die Interessen von Kindern und Jugendlichen eingesetzt. Im Walchenseeverein widmet er sich nun weiterhin einem ganz zentralen Punkt der Kinder- und Jugendarbeit: Dem Erhalt von R\u00e4umen f\u00fcr junge Menschen \u2013 R\u00e4ume wie das Walchenseecamp, die Kindern und Jugendlichen vielf\u00e4ltige Gestaltungsm\u00f6glichkeiten und ausreichend Freiraum bieten, um in der Gruppe das soziale Miteinander zu lernen, Partizipation und Mitbestimmung zu erleben und die eigenen F\u00e4higkeiten, pers\u00f6nliche St\u00e4rken und Grenzen auszuloten.<\/p>\n<p>Elias Eberl, der langj\u00e4hrige Vorsitzende, engagiert sich als stellvertretender Vorsitzender aber weiter im Verein. Er kommt aus selbst der Jugendarbeit und konnte auf viele Freizeiten am Walchensee zur\u00fcckblicken, als er zun\u00e4chst als Beisitzer in den Vorstand des Vereins eintrat. Seine langj\u00e4hrigen Erfahrungen als Gast am Walchenseecamp haben ihn darin best\u00e4rkt, sich f\u00fcr den Erhalt des Platzes zu engagieren.<\/p>\n<p>\u00a0<\/p>\n\n\n<p><\/p>\n","protected":false},"excerpt":{"rendered":"<p>Alles begann mit einer spontanen Entscheidung im Jahre 1957: Der damalige Vorstand des Bezirksjugendrings (BezJR) und dessen Vorsitzender, Adolf Binder, &hellip; <a href=\"https:\/\/walchenseezeltlager.de\/?page_id=186\" class=\"more-link\">Continue reading <span class=\"screen-reader-text\">Hintergrund<\/span><\/a><\/p>\n","protected":false},"author":1,"featured_media":396,"parent":0,"menu_order":0,"comment_status":"closed","ping_status":"closed","template":"","meta":{"footnotes":""},"class_list":["post-186","page","type-page","status-publish","has-post-thumbnail","hentry"],"_links":{"self":[{"href":"https:\/\/walchenseezeltlager.de\/index.php?rest_route=\/wp\/v2\/pages\/186","targetHints":{"allow":["GET"]}}],"collection":[{"href":"https:\/\/walchenseezeltlager.de\/index.php?rest_route=\/wp\/v2\/pages"}],"about":[{"href":"https:\/\/walchenseezeltlager.de\/index.php?rest_route=\/wp\/v2\/types\/page"}],"author":[{"embeddable":true,"href":"https:\/\/walchenseezeltlager.de\/index.php?rest_route=\/wp\/v2\/users\/1"}],"replies":[{"embeddable":true,"href":"https:\/\/walchenseezeltlager.de\/index.php?rest_route=%2Fwp%2Fv2%2Fcomments&post=186"}],"version-history":[{"count":8,"href":"https:\/\/walchenseezeltlager.de\/index.php?rest_route=\/wp\/v2\/pages\/186\/revisions"}],"predecessor-version":[{"id":428,"href":"https:\/\/walchenseezeltlager.de\/index.php?rest_route=\/wp\/v2\/pages\/186\/revisions\/428"}],"wp:featuredmedia":[{"embeddable":true,"href":"https:\/\/walchenseezeltlager.de\/index.php?rest_route=\/wp\/v2\/media\/396"}],"wp:attachment":[{"href":"https:\/\/walchenseezeltlager.de\/index.php?rest_route=%2Fwp%2Fv2%2Fmedia&parent=186"}],"curies":[{"name":"wp","href":"https:\/\/api.w.org\/{rel}","templated":true}]}}